{"id":2,"date":"2016-05-10T03:48:21","date_gmt":"2016-05-10T03:48:21","guid":{"rendered":"http:\/\/serenidad.com.br\/?page_id=2"},"modified":"2023-04-09T18:24:57","modified_gmt":"2023-04-09T18:24:57","slug":"home","status":"publish","type":"page","link":"https:\/\/serenidad.com.br\/","title":{"rendered":""},"content":{"rendered":"<h3 style=\"text-align: center;\"><img loading=\"lazy\" class=\"alignnone  wp-image-5\" src=\"https:\/\/serenidad.com.br\/wp-content\/uploads\/2018\/11\/Serenidadlogo.png\" alt=\"\" width=\"373\" height=\"120\" srcset=\"https:\/\/serenidad.com.br\/wp-content\/uploads\/2018\/11\/Serenidadlogo.png 466w, https:\/\/serenidad.com.br\/wp-content\/uploads\/2018\/11\/Serenidadlogo-300x97.png 300w\" sizes=\"(max-width: 373px) 100vw, 373px\" \/><\/h3>\n<h2 style=\"text-align: center;\"><span style=\"color: #808000;\"><em>Ningu\u00e9m pode controlar o vento, mas todos podem ter o controle do barco! Fa\u00e7a seu plano, altere as rotas, mas nunca desista de seu objetivo!<\/em><\/span><\/h2>\n\n\n<p class=\"has-text-align-center\"><\/p>\n\n\n\n<hr class=\"wp-block-separator\"\/>\n\n\n\n<div style=\"height:100px\" aria-hidden=\"true\" class=\"wp-block-spacer\"><\/div>\n\n\n\n<blockquote class=\"wp-block-quote\"><p><strong>Tendo como principal foco os Resultados, a Serenidad \u00e9 uma empresa de Consultoria e Participa\u00e7\u00f5es em Empresas, estabelecida em 2016, atuando em diferentes segmentos no mercado<\/strong><\/p><\/blockquote>\n\n\n\n<blockquote class=\"wp-block-quote\"><p><strong>Em Consultoria<\/strong>, temos como objetivo o Aumento de Efici\u00eancia Operacional em <em>Supply Chain,<\/em> a partir do desdobramento da Estrat\u00e9gia at\u00e9 a Execu\u00e7\u00e3o do neg\u00f3cio, passando por todas as \u00e1reas dos Fluxos de Valor.<\/p><\/blockquote>\n\n\n\n<blockquote class=\"wp-block-quote\"><p><strong>Em Participa\u00e7\u00f5es<\/strong>, abordamos o desenvolvimento e operacionaliza\u00e7\u00e3o de produtos e marcas, unidades de neg\u00f3cio, <em>start-ups<\/em> em inova\u00e7\u00e3o e na atua\u00e7\u00e3o em Conselhos de Administra\u00e7\u00e3o de Organiza\u00e7\u00f5es.<\/p><\/blockquote>\n\n\n\n<blockquote class=\"wp-block-quote\"><p><strong>Nossa Equipe<\/strong> re\u00fane grande experi\u00eancia, desenvolvendo e atuando com ferramentas de gest\u00e3o e melhoria cont\u00ednua,&nbsp; modelagem e planejamento Estrat\u00e9gico \/ T\u00e1tico \/ Operacional, gest\u00e3o de processos e indicadores de performance, al\u00e9m de avalia\u00e7\u00e3o e mapeamento de <em>levers<\/em> em Cultura Organizacional.<\/p><\/blockquote>\n\n\n\n<blockquote class=\"wp-block-quote\"><p><strong>A Serenidad n\u00e3o vende ferramentas e sim resultados para o Neg\u00f3cio.<\/strong><\/p><\/blockquote>\n\n\n\n<blockquote class=\"wp-block-quote is-style-large\"><p> <br><strong>Nossos Valores<\/strong><br> <em>SIMPLICIDADE E TRANSPAR\u00caNCIA<\/em> <\/p><\/blockquote>\n\n\n\n<hr class=\"wp-block-separator\"\/>\n\n\n\n<p><\/p>\n\n\n\n<p><\/p>\n\n\n\n<p><\/p>\n\n\n\n<p><\/p>\n\n\n\n<p><\/p>\n\n\n\n<p><\/p>\n\n\n\n<h2>Fique por dentro de nossos Posts:<\/h2>\n\n\n<ul class=\"wp-block-latest-posts__list wp-block-latest-posts\"><li><a href=\"https:\/\/serenidad.com.br\/?p=236\">O papel do l\u00edder em tempos de COVID19<\/a><\/li>\n<li><a href=\"https:\/\/serenidad.com.br\/?p=228\">Inovar e Mudar<\/a><\/li>\n<li><a href=\"https:\/\/serenidad.com.br\/?p=1\">Repensando a Estrat\u00e9gia<\/a><\/li>\n<\/ul>\n\n\n<div style=\"height:100px\" aria-hidden=\"true\" class=\"wp-block-spacer\"><\/div>\n\n\n\n<div style=\"height:100px\" aria-hidden=\"true\" class=\"wp-block-spacer\"><\/div>\n\n\n\n<figure class=\"wp-block-video\"><video controls src=\"https:\/\/serenidad.com.br\/wp-content\/uploads\/2018\/11\/IMG_3098.mov\"><\/video><figcaption>Ventos Fortes s\u00e3o os desafios que podem nos levar ao nosso objetivo<\/figcaption><\/figure>\n\n\n\n<p><\/p>\n","protected":false},"excerpt":{"rendered":"<p>Ningu\u00e9m pode controlar o vento, mas todos podem ter o controle do barco! Fa\u00e7a seu plano, altere as rotas, mas nunca desista de seu objetivo! Tendo como principal foco os Resultados, a Serenidad \u00e9 uma empresa de Consultoria e Participa\u00e7\u00f5es em Empresas, estabelecida em 2016, atuando em diferentes segmentos no mercado Em Consultoria, temos como objetivo o Aumento de Efici\u00eancia<\/p>\n<div class=\"clearfix\"><\/div>\n<div class=\"pull-left padding-top-25\"><a href=\"https:\/\/serenidad.com.br\/\" class=\"btn btn-theme\">Continue reading<span class=\"screen-reader-text\"> &#8220;&#8221;<\/span> <i class=\"fa fa-fw fa-long-arrow-right\"><\/i> <\/a>  <\/div>\n","protected":false},"author":1,"featured_media":0,"parent":0,"menu_order":0,"comment_status":"closed","ping_status":"closed","template":"","meta":[],"_links":{"self":[{"href":"https:\/\/serenidad.com.br\/index.php?rest_route=\/wp\/v2\/pages\/2"}],"collection":[{"href":"https:\/\/serenidad.com.br\/index.php?rest_route=\/wp\/v2\/pages"}],"about":[{"href":"https:\/\/serenidad.com.br\/index.php?rest_route=\/wp\/v2\/types\/page"}],"author":[{"embeddable":true,"href":"https:\/\/serenidad.com.br\/index.php?rest_route=\/wp\/v2\/users\/1"}],"replies":[{"embeddable":true,"href":"https:\/\/serenidad.com.br\/index.php?rest_route=%2Fwp%2Fv2%2Fcomments&post=2"}],"version-history":[{"count":32,"href":"https:\/\/serenidad.com.br\/index.php?rest_route=\/wp\/v2\/pages\/2\/revisions"}],"predecessor-version":[{"id":302,"href":"https:\/\/serenidad.com.br\/index.php?rest_route=\/wp\/v2\/pages\/2\/revisions\/302"}],"wp:attachment":[{"href":"https:\/\/serenidad.com.br\/index.php?rest_route=%2Fwp%2Fv2%2Fmedia&parent=2"}],"curies":[{"name":"wp","href":"https:\/\/api.w.org\/{rel}","templated":true}]}}